{"id":797,"date":"2023-08-11T08:59:50","date_gmt":"2023-08-11T11:59:50","guid":{"rendered":"https:\/\/sitevix.com\/web\/google-ads-copy\/"},"modified":"2023-08-11T17:44:47","modified_gmt":"2023-08-11T20:44:47","slug":"site-imobiliario","status":"publish","type":"page","link":"https:\/\/sitevix.com\/web\/site-imobiliario\/","title":{"rendered":"Site Imobili\u00e1rio"},"content":{"rendered":"\t\t<div data-elementor-type=\"wp-page\" data-elementor-id=\"797\" class=\"elementor elementor-797\">\n\t\t\t\t\t\t\t\t\t<section class=\"elementor-section elementor-top-section elementor-element elementor-element-277dff1 elementor-section-full_width elementor-section-height-default elementor-section-height-default\" data-id=\"277dff1\" data-element_type=\"section\">\n\t\t\t\t\t\t<div class=\"elementor-container elementor-column-gap-default\">\n\t\t\t\t\t<div class=\"elementor-column elementor-col-100 elementor-top-column elementor-element elementor-element-76b728c\" data-id=\"76b728c\" data-element_type=\"column\">\n\t\t\t<div class=\"elementor-widget-wrap elementor-element-populated\">\n\t\t\t\t\t\t\t\t<div class=\"elementor-element elementor-element-c8c366b elementor-widget-divider--view-line elementor-widget elementor-widget-divider\" data-id=\"c8c366b\" data-element_type=\"widget\" data-widget_type=\"divider.default\">\n\t\t\t\t<div class=\"elementor-widget-container\">\n\t\t\t<style>\/*! elementor - v3.8.0 - 30-10-2022 *\/\n.elementor-widget-divider{--divider-border-style:none;--divider-border-width:1px;--divider-color:#2c2c2c;--divider-icon-size:20px;--divider-element-spacing:10px;--divider-pattern-height:24px;--divider-pattern-size:20px;--divider-pattern-url:none;--divider-pattern-repeat:repeat-x}.elementor-widget-divider .elementor-divider{display:-webkit-box;display:-ms-flexbox;display:flex}.elementor-widget-divider .elementor-divider__text{font-size:15px;line-height:1;max-width:95%}.elementor-widget-divider .elementor-divider__element{margin:0 var(--divider-element-spacing);-ms-flex-negative:0;flex-shrink:0}.elementor-widget-divider .elementor-icon{font-size:var(--divider-icon-size)}.elementor-widget-divider .elementor-divider-separator{display:-webkit-box;display:-ms-flexbox;display:flex;margin:0;direction:ltr}.elementor-widget-divider--view-line_icon .elementor-divider-separator,.elementor-widget-divider--view-line_text .elementor-divider-separator{-webkit-box-align:center;-ms-flex-align:center;align-items:center}.elementor-widget-divider--view-line_icon .elementor-divider-separator:after,.elementor-widget-divider--view-line_icon .elementor-divider-separator:before,.elementor-widget-divider--view-line_text .elementor-divider-separator:after,.elementor-widget-divider--view-line_text .elementor-divider-separator:before{display:block;content:\"\";border-bottom:0;-webkit-box-flex:1;-ms-flex-positive:1;flex-grow:1;border-top:var(--divider-border-width) var(--divider-border-style) var(--divider-color)}.elementor-widget-divider--element-align-left .elementor-divider .elementor-divider-separator>.elementor-divider__svg:first-of-type{-webkit-box-flex:0;-ms-flex-positive:0;flex-grow:0;-ms-flex-negative:100;flex-shrink:100}.elementor-widget-divider--element-align-left .elementor-divider-separator:before{content:none}.elementor-widget-divider--element-align-left .elementor-divider__element{margin-left:0}.elementor-widget-divider--element-align-right .elementor-divider .elementor-divider-separator>.elementor-divider__svg:last-of-type{-webkit-box-flex:0;-ms-flex-positive:0;flex-grow:0;-ms-flex-negative:100;flex-shrink:100}.elementor-widget-divider--element-align-right .elementor-divider-separator:after{content:none}.elementor-widget-divider--element-align-right .elementor-divider__element{margin-right:0}.elementor-widget-divider:not(.elementor-widget-divider--view-line_text):not(.elementor-widget-divider--view-line_icon) .elementor-divider-separator{border-top:var(--divider-border-width) var(--divider-border-style) var(--divider-color)}.elementor-widget-divider--separator-type-pattern{--divider-border-style:none}.elementor-widget-divider--separator-type-pattern.elementor-widget-divider--view-line .elementor-divider-separator,.elementor-widget-divider--separator-type-pattern:not(.elementor-widget-divider--view-line) .elementor-divider-separator:after,.elementor-widget-divider--separator-type-pattern:not(.elementor-widget-divider--view-line) .elementor-divider-separator:before,.elementor-widget-divider--separator-type-pattern:not([class*=elementor-widget-divider--view]) .elementor-divider-separator{width:100%;min-height:var(--divider-pattern-height);-webkit-mask-size:var(--divider-pattern-size) 100%;mask-size:var(--divider-pattern-size) 100%;-webkit-mask-repeat:var(--divider-pattern-repeat);mask-repeat:var(--divider-pattern-repeat);background-color:var(--divider-color);-webkit-mask-image:var(--divider-pattern-url);mask-image:var(--divider-pattern-url)}.elementor-widget-divider--no-spacing{--divider-pattern-size:auto}.elementor-widget-divider--bg-round{--divider-pattern-repeat:round}.rtl .elementor-widget-divider .elementor-divider__text{direction:rtl}.e-con-inner>.elementor-widget-divider,.e-con>.elementor-widget-divider{width:var(--container-widget-width,100%)}<\/style>\t\t<div class=\"elementor-divider\">\n\t\t\t<span class=\"elementor-divider-separator\">\n\t\t\t\t\t\t<\/span>\n\t\t<\/div>\n\t\t\t\t<\/div>\n\t\t\t\t<\/div>\n\t\t\t\t\t<\/div>\n\t\t<\/div>\n\t\t\t\t\t\t\t<\/div>\n\t\t<\/section>\n\t\t\t\t<section class=\"elementor-section elementor-top-section elementor-element elementor-element-13ac0e1 elementor-section-boxed elementor-section-height-default elementor-section-height-default\" data-id=\"13ac0e1\" data-element_type=\"section\">\n\t\t\t\t\t\t<div class=\"elementor-container elementor-column-gap-default\">\n\t\t\t\t\t<div class=\"elementor-column elementor-col-50 elementor-top-column elementor-element elementor-element-4426867\" data-id=\"4426867\" data-element_type=\"column\">\n\t\t\t<div class=\"elementor-widget-wrap elementor-element-populated\">\n\t\t\t\t\t\t\t\t<div class=\"elementor-element elementor-element-ea4848c elementor-widget elementor-widget-heading\" data-id=\"ea4848c\" data-element_type=\"widget\" data-widget_type=\"heading.default\">\n\t\t\t\t<div class=\"elementor-widget-container\">\n\t\t\t<style>\/*! elementor - v3.8.0 - 30-10-2022 *\/\n.elementor-heading-title{padding:0;margin:0;line-height:1}.elementor-widget-heading .elementor-heading-title[class*=elementor-size-]>a{color:inherit;font-size:inherit;line-height:inherit}.elementor-widget-heading .elementor-heading-title.elementor-size-small{font-size:15px}.elementor-widget-heading .elementor-heading-title.elementor-size-medium{font-size:19px}.elementor-widget-heading .elementor-heading-title.elementor-size-large{font-size:29px}.elementor-widget-heading .elementor-heading-title.elementor-size-xl{font-size:39px}.elementor-widget-heading .elementor-heading-title.elementor-size-xxl{font-size:59px}<\/style><h1 class=\"elementor-heading-title elementor-size-default\">Site Imobili\u00e1rio<\/h1>\t\t<\/div>\n\t\t\t\t<\/div>\n\t\t\t\t<div class=\"elementor-element elementor-element-86f2f15 elementor-widget elementor-widget-text-editor\" data-id=\"86f2f15\" data-element_type=\"widget\" data-widget_type=\"text-editor.default\">\n\t\t\t\t<div class=\"elementor-widget-container\">\n\t\t\t<style>\/*! elementor - v3.8.0 - 30-10-2022 *\/\n.elementor-widget-text-editor.elementor-drop-cap-view-stacked .elementor-drop-cap{background-color:#818a91;color:#fff}.elementor-widget-text-editor.elementor-drop-cap-view-framed .elementor-drop-cap{color:#818a91;border:3px solid;background-color:transparent}.elementor-widget-text-editor:not(.elementor-drop-cap-view-default) .elementor-drop-cap{margin-top:8px}.elementor-widget-text-editor:not(.elementor-drop-cap-view-default) .elementor-drop-cap-letter{width:1em;height:1em}.elementor-widget-text-editor .elementor-drop-cap{float:left;text-align:center;line-height:1;font-size:50px}.elementor-widget-text-editor .elementor-drop-cap-letter{display:inline-block}<\/style>\t\t\t\t<p>Somos apaixonados por conectar o mundo imobili\u00e1rio \u00e0 tecnologia moderna.<br \/>Estamos preparados para criar uma presen\u00e7a online impressionante e eficaz para a sua imobili\u00e1ria.<\/p><p><strong>Por que escolher nosso servi\u00e7o?<\/strong><\/p><p>1. <strong>Design Personalizado:<\/strong> Entendemos que cada imobili\u00e1ria \u00e9 \u00fanica, e \u00e9 por isso que criamos designs exclusivos que refletem a identidade e os valores da sua marca.<\/p><p>2. <strong>Funcionalidade Avan\u00e7ada:<\/strong> Sabemos o quanto \u00e9 importante fornecer uma experi\u00eancia excepcional aos visitantes do seu site. Criamos recursos avan\u00e7ados como cat\u00e1logos de propriedades interativos, integra\u00e7\u00e3o de mapas, formul\u00e1rios de contato personalizados e muito mais.<\/p><p>3.<strong> Responsividade Total:<\/strong> Com a crescente utiliza\u00e7\u00e3o de dispositivos m\u00f3veis, garantimos que seu site ser\u00e1 totalmente responsivo, oferecendo uma experi\u00eancia perfeita em todos os tamanhos de tela.<\/p>\t\t\t\t\t\t<\/div>\n\t\t\t\t<\/div>\n\t\t\t\t\t<\/div>\n\t\t<\/div>\n\t\t\t\t<div class=\"elementor-column elementor-col-50 elementor-top-column elementor-element elementor-element-042d327\" data-id=\"042d327\" data-element_type=\"column\">\n\t\t\t<div class=\"elementor-widget-wrap elementor-element-populated\">\n\t\t\t\t\t\t\t\t<div class=\"elementor-element elementor-element-c031d9d elementor-widget elementor-widget-text-editor\" data-id=\"c031d9d\" data-element_type=\"widget\" data-widget_type=\"text-editor.default\">\n\t\t\t\t<div class=\"elementor-widget-container\">\n\t\t\t\t\t\t\t<p>4. <strong>Otimiza\u00e7\u00e3o para SEO:<\/strong> A visibilidade online \u00e9 crucial no mercado imobili\u00e1rio. Implementamos as melhores pr\u00e1ticas de otimiza\u00e7\u00e3o de mecanismos de busca (SEO) para que seu site seja encontrado facilmente pelos seus clientes em potencial.<\/p><p>5.<strong> Gest\u00e3o de Conte\u00fado Simplificada:<\/strong> Voc\u00ea ter\u00e1 controle total sobre o conte\u00fado do seu site, podendo facilmente adicionar, editar ou remover informa\u00e7\u00f5es sobre propriedades, not\u00edcias do setor e muito mais.<\/p><p>6. <strong>Integra\u00e7\u00e3o com Redes Sociais:<\/strong> Amplie o alcance da sua imobili\u00e1ria conectando-se com seu p\u00fablico por meio das redes sociais. Integramos suas contas para uma presen\u00e7a online coesa.<\/p><p>7.<strong> Suporte Cont\u00ednuo:<\/strong> Nossa parceria n\u00e3o termina ap\u00f3s o lan\u00e7amento do seu site. Estamos aqui para oferecer suporte t\u00e9cnico cont\u00ednuo, atualiza\u00e7\u00f5es e manuten\u00e7\u00e3o para garantir que seu site funcione perfeitamente o tempo todo.<\/p>\t\t\t\t\t\t<\/div>\n\t\t\t\t<\/div>\n\t\t\t\t\t<\/div>\n\t\t<\/div>\n\t\t\t\t\t\t\t<\/div>\n\t\t<\/section>\n\t\t\t\t<section class=\"elementor-section elementor-top-section elementor-element elementor-element-a57d37a elementor-section-boxed elementor-section-height-default elementor-section-height-default\" data-id=\"a57d37a\" data-element_type=\"section\">\n\t\t\t\t\t\t<div class=\"elementor-container elementor-column-gap-default\">\n\t\t\t\t\t<div class=\"elementor-column elementor-col-100 elementor-top-column elementor-element elementor-element-24c22fa\" data-id=\"24c22fa\" data-element_type=\"column\">\n\t\t\t<div class=\"elementor-widget-wrap elementor-element-populated\">\n\t\t\t\t\t\t\t\t<div class=\"elementor-element elementor-element-97b9c86 elementor-widget elementor-widget-image\" data-id=\"97b9c86\" data-element_type=\"widget\" data-widget_type=\"image.default\">\n\t\t\t\t<div class=\"elementor-widget-container\">\n\t\t\t<style>\/*! elementor - v3.8.0 - 30-10-2022 *\/\n.elementor-widget-image{text-align:center}.elementor-widget-image a{display:inline-block}.elementor-widget-image a img[src$=\".svg\"]{width:48px}.elementor-widget-image img{vertical-align:middle;display:inline-block}<\/style>\t\t\t\t\t\t\t\t\t\t\t\t<img loading=\"lazy\" decoding=\"async\" width=\"508\" height=\"433\" src=\"https:\/\/sitevix.com\/web\/wp-content\/uploads\/2022\/10\/monitor.png\" class=\"attachment-full size-full\" alt=\"\" srcset=\"https:\/\/sitevix.com\/web\/wp-content\/uploads\/2022\/10\/monitor.png 508w, https:\/\/sitevix.com\/web\/wp-content\/uploads\/2022\/10\/monitor-300x256.png 300w\" sizes=\"auto, (max-width: 508px) 100vw, 508px\" \/>\t\t\t\t\t\t\t\t\t\t\t\t\t\t\t<\/div>\n\t\t\t\t<\/div>\n\t\t\t\t\t<\/div>\n\t\t<\/div>\n\t\t\t\t\t\t\t<\/div>\n\t\t<\/section>\n\t\t\t\t<section class=\"elementor-section elementor-top-section elementor-element elementor-element-0dfea86 elementor-section-boxed elementor-section-height-default elementor-section-height-default\" data-id=\"0dfea86\" data-element_type=\"section\">\n\t\t\t\t\t\t<div class=\"elementor-container elementor-column-gap-default\">\n\t\t\t\t\t<div class=\"elementor-column elementor-col-100 elementor-top-column elementor-element elementor-element-aa92230\" data-id=\"aa92230\" data-element_type=\"column\">\n\t\t\t<div class=\"elementor-widget-wrap elementor-element-populated\">\n\t\t\t\t\t\t\t\t<div class=\"elementor-element elementor-element-be4d19e elementor-widget elementor-widget-heading\" data-id=\"be4d19e\" data-element_type=\"widget\" data-widget_type=\"heading.default\">\n\t\t\t\t<div class=\"elementor-widget-container\">\n\t\t\t<h2 class=\"elementor-heading-title elementor-size-default\">Sua imobili\u00e1ria merece uma presen\u00e7a online excepcional.<\/h2>\t\t<\/div>\n\t\t\t\t<\/div>\n\t\t\t\t<div class=\"elementor-element elementor-element-7171cd4 elementor-widget elementor-widget-text-editor\" data-id=\"7171cd4\" data-element_type=\"widget\" data-widget_type=\"text-editor.default\">\n\t\t\t\t<div class=\"elementor-widget-container\">\n\t\t\t\t\t\t\t<h4><strong>\u00a0Estamos aqui para tornar isso realidade.<\/strong><\/h4>\t\t\t\t\t\t<\/div>\n\t\t\t\t<\/div>\n\t\t\t\t<div class=\"elementor-element elementor-element-2ce5549 elementor-widget elementor-widget-text-editor\" data-id=\"2ce5549\" data-element_type=\"widget\" data-widget_type=\"text-editor.default\">\n\t\t\t\t<div class=\"elementor-widget-container\">\n\t\t\t\t\t\t\t<p><strong>Estamos ansiosos para colaborar com voc\u00ea e criar um site que impressione, envolva e converta.<\/strong><\/p>\t\t\t\t\t\t<\/div>\n\t\t\t\t<\/div>\n\t\t\t\t<div class=\"elementor-element elementor-element-a7677e9 elementor-widget elementor-widget-text-editor\" data-id=\"a7677e9\" data-element_type=\"widget\" data-widget_type=\"text-editor.default\">\n\t\t\t\t<div class=\"elementor-widget-container\">\n\t\t\t\t\t\t\t<p><strong>Entre em contato conosco hoje mesmo para discutir suas necessidades e objetivos. Juntos, vamos construir uma presen\u00e7a online que se destaca no competitivo mercado imobili\u00e1rio.<\/strong><\/p>\t\t\t\t\t\t<\/div>\n\t\t\t\t<\/div>\n\t\t\t\t\t<\/div>\n\t\t<\/div>\n\t\t\t\t\t\t\t<\/div>\n\t\t<\/section>\n\t\t\t\t\t\t\t<\/div>\n\t\t","protected":false},"excerpt":{"rendered":"<p>Site Imobili\u00e1rio Somos apaixonados por conectar o mundo imobili\u00e1rio \u00e0 tecnologia moderna.Estamos preparados para criar uma presen\u00e7a online impressionante e eficaz para a sua imobili\u00e1ria. Por que escolher nosso servi\u00e7o? 1. Design Personalizado: Entendemos que cada imobili\u00e1ria \u00e9 \u00fanica, e \u00e9 por isso que criamos designs exclusivos que refletem a identidade e os valores da [&hellip;]<\/p>\n","protected":false},"author":1,"featured_media":0,"parent":0,"menu_order":0,"comment_status":"closed","ping_status":"closed","template":"elementor_header_footer","meta":{"footnotes":""},"class_list":["post-797","page","type-page","status-publish","hentry"],"_links":{"self":[{"href":"https:\/\/sitevix.com\/web\/wp-json\/wp\/v2\/pages\/797","targetHints":{"allow":["GET"]}}],"collection":[{"href":"https:\/\/sitevix.com\/web\/wp-json\/wp\/v2\/pages"}],"about":[{"href":"https:\/\/sitevix.com\/web\/wp-json\/wp\/v2\/types\/page"}],"author":[{"embeddable":true,"href":"https:\/\/sitevix.com\/web\/wp-json\/wp\/v2\/users\/1"}],"replies":[{"embeddable":true,"href":"https:\/\/sitevix.com\/web\/wp-json\/wp\/v2\/comments?post=797"}],"version-history":[{"count":58,"href":"https:\/\/sitevix.com\/web\/wp-json\/wp\/v2\/pages\/797\/revisions"}],"predecessor-version":[{"id":1001,"href":"https:\/\/sitevix.com\/web\/wp-json\/wp\/v2\/pages\/797\/revisions\/1001"}],"wp:attachment":[{"href":"https:\/\/sitevix.com\/web\/wp-json\/wp\/v2\/media?parent=797"}],"curies":[{"name":"wp","href":"https:\/\/api.w.org\/{rel}","templated":true}]}}