{"id":663,"date":"2023-03-24T16:36:09","date_gmt":"2023-03-24T19:36:09","guid":{"rendered":"https:\/\/sitevix.com\/web\/criacao-de-sites-copy\/"},"modified":"2023-08-11T17:44:20","modified_gmt":"2023-08-11T20:44:20","slug":"redes-sociais","status":"publish","type":"page","link":"https:\/\/sitevix.com\/web\/redes-sociais\/","title":{"rendered":"Redes Sociais"},"content":{"rendered":"\t\t<div data-elementor-type=\"wp-page\" data-elementor-id=\"663\" class=\"elementor elementor-663\">\n\t\t\t\t\t\t\t\t\t<section class=\"elementor-section elementor-top-section elementor-element elementor-element-277dff1 elementor-section-full_width elementor-section-height-default elementor-section-height-default\" data-id=\"277dff1\" data-element_type=\"section\">\n\t\t\t\t\t\t<div class=\"elementor-container elementor-column-gap-default\">\n\t\t\t\t\t<div class=\"elementor-column elementor-col-100 elementor-top-column elementor-element elementor-element-76b728c\" data-id=\"76b728c\" data-element_type=\"column\">\n\t\t\t<div class=\"elementor-widget-wrap elementor-element-populated\">\n\t\t\t\t\t\t\t\t<div class=\"elementor-element elementor-element-c8c366b elementor-widget-divider--view-line elementor-widget elementor-widget-divider\" data-id=\"c8c366b\" data-element_type=\"widget\" data-widget_type=\"divider.default\">\n\t\t\t\t<div class=\"elementor-widget-container\">\n\t\t\t<style>\/*! elementor - v3.8.0 - 30-10-2022 *\/\n.elementor-widget-divider{--divider-border-style:none;--divider-border-width:1px;--divider-color:#2c2c2c;--divider-icon-size:20px;--divider-element-spacing:10px;--divider-pattern-height:24px;--divider-pattern-size:20px;--divider-pattern-url:none;--divider-pattern-repeat:repeat-x}.elementor-widget-divider .elementor-divider{display:-webkit-box;display:-ms-flexbox;display:flex}.elementor-widget-divider .elementor-divider__text{font-size:15px;line-height:1;max-width:95%}.elementor-widget-divider .elementor-divider__element{margin:0 var(--divider-element-spacing);-ms-flex-negative:0;flex-shrink:0}.elementor-widget-divider .elementor-icon{font-size:var(--divider-icon-size)}.elementor-widget-divider .elementor-divider-separator{display:-webkit-box;display:-ms-flexbox;display:flex;margin:0;direction:ltr}.elementor-widget-divider--view-line_icon .elementor-divider-separator,.elementor-widget-divider--view-line_text .elementor-divider-separator{-webkit-box-align:center;-ms-flex-align:center;align-items:center}.elementor-widget-divider--view-line_icon .elementor-divider-separator:after,.elementor-widget-divider--view-line_icon .elementor-divider-separator:before,.elementor-widget-divider--view-line_text .elementor-divider-separator:after,.elementor-widget-divider--view-line_text .elementor-divider-separator:before{display:block;content:\"\";border-bottom:0;-webkit-box-flex:1;-ms-flex-positive:1;flex-grow:1;border-top:var(--divider-border-width) var(--divider-border-style) var(--divider-color)}.elementor-widget-divider--element-align-left .elementor-divider .elementor-divider-separator>.elementor-divider__svg:first-of-type{-webkit-box-flex:0;-ms-flex-positive:0;flex-grow:0;-ms-flex-negative:100;flex-shrink:100}.elementor-widget-divider--element-align-left .elementor-divider-separator:before{content:none}.elementor-widget-divider--element-align-left .elementor-divider__element{margin-left:0}.elementor-widget-divider--element-align-right .elementor-divider .elementor-divider-separator>.elementor-divider__svg:last-of-type{-webkit-box-flex:0;-ms-flex-positive:0;flex-grow:0;-ms-flex-negative:100;flex-shrink:100}.elementor-widget-divider--element-align-right .elementor-divider-separator:after{content:none}.elementor-widget-divider--element-align-right .elementor-divider__element{margin-right:0}.elementor-widget-divider:not(.elementor-widget-divider--view-line_text):not(.elementor-widget-divider--view-line_icon) .elementor-divider-separator{border-top:var(--divider-border-width) var(--divider-border-style) var(--divider-color)}.elementor-widget-divider--separator-type-pattern{--divider-border-style:none}.elementor-widget-divider--separator-type-pattern.elementor-widget-divider--view-line .elementor-divider-separator,.elementor-widget-divider--separator-type-pattern:not(.elementor-widget-divider--view-line) .elementor-divider-separator:after,.elementor-widget-divider--separator-type-pattern:not(.elementor-widget-divider--view-line) .elementor-divider-separator:before,.elementor-widget-divider--separator-type-pattern:not([class*=elementor-widget-divider--view]) .elementor-divider-separator{width:100%;min-height:var(--divider-pattern-height);-webkit-mask-size:var(--divider-pattern-size) 100%;mask-size:var(--divider-pattern-size) 100%;-webkit-mask-repeat:var(--divider-pattern-repeat);mask-repeat:var(--divider-pattern-repeat);background-color:var(--divider-color);-webkit-mask-image:var(--divider-pattern-url);mask-image:var(--divider-pattern-url)}.elementor-widget-divider--no-spacing{--divider-pattern-size:auto}.elementor-widget-divider--bg-round{--divider-pattern-repeat:round}.rtl .elementor-widget-divider .elementor-divider__text{direction:rtl}.e-con-inner>.elementor-widget-divider,.e-con>.elementor-widget-divider{width:var(--container-widget-width,100%)}<\/style>\t\t<div class=\"elementor-divider\">\n\t\t\t<span class=\"elementor-divider-separator\">\n\t\t\t\t\t\t<\/span>\n\t\t<\/div>\n\t\t\t\t<\/div>\n\t\t\t\t<\/div>\n\t\t\t\t\t<\/div>\n\t\t<\/div>\n\t\t\t\t\t\t\t<\/div>\n\t\t<\/section>\n\t\t\t\t<section class=\"elementor-section elementor-top-section elementor-element elementor-element-13ac0e1 elementor-section-boxed elementor-section-height-default elementor-section-height-default\" data-id=\"13ac0e1\" data-element_type=\"section\">\n\t\t\t\t\t\t<div class=\"elementor-container elementor-column-gap-default\">\n\t\t\t\t\t<div class=\"elementor-column elementor-col-50 elementor-top-column elementor-element elementor-element-4426867\" data-id=\"4426867\" data-element_type=\"column\">\n\t\t\t<div class=\"elementor-widget-wrap elementor-element-populated\">\n\t\t\t\t\t\t\t\t<div class=\"elementor-element elementor-element-ea4848c elementor-widget elementor-widget-heading\" data-id=\"ea4848c\" data-element_type=\"widget\" data-widget_type=\"heading.default\">\n\t\t\t\t<div class=\"elementor-widget-container\">\n\t\t\t<style>\/*! elementor - v3.8.0 - 30-10-2022 *\/\n.elementor-heading-title{padding:0;margin:0;line-height:1}.elementor-widget-heading .elementor-heading-title[class*=elementor-size-]>a{color:inherit;font-size:inherit;line-height:inherit}.elementor-widget-heading .elementor-heading-title.elementor-size-small{font-size:15px}.elementor-widget-heading .elementor-heading-title.elementor-size-medium{font-size:19px}.elementor-widget-heading .elementor-heading-title.elementor-size-large{font-size:29px}.elementor-widget-heading .elementor-heading-title.elementor-size-xl{font-size:39px}.elementor-widget-heading .elementor-heading-title.elementor-size-xxl{font-size:59px}<\/style><h1 class=\"elementor-heading-title elementor-size-default\">Redes Sociais<\/h1>\t\t<\/div>\n\t\t\t\t<\/div>\n\t\t\t\t<div class=\"elementor-element elementor-element-86f2f15 elementor-widget elementor-widget-text-editor\" data-id=\"86f2f15\" data-element_type=\"widget\" data-widget_type=\"text-editor.default\">\n\t\t\t\t<div class=\"elementor-widget-container\">\n\t\t\t<style>\/*! elementor - v3.8.0 - 30-10-2022 *\/\n.elementor-widget-text-editor.elementor-drop-cap-view-stacked .elementor-drop-cap{background-color:#818a91;color:#fff}.elementor-widget-text-editor.elementor-drop-cap-view-framed .elementor-drop-cap{color:#818a91;border:3px solid;background-color:transparent}.elementor-widget-text-editor:not(.elementor-drop-cap-view-default) .elementor-drop-cap{margin-top:8px}.elementor-widget-text-editor:not(.elementor-drop-cap-view-default) .elementor-drop-cap-letter{width:1em;height:1em}.elementor-widget-text-editor .elementor-drop-cap{float:left;text-align:center;line-height:1;font-size:50px}.elementor-widget-text-editor .elementor-drop-cap-letter{display:inline-block}<\/style>\t\t\t\t<p><span style=\"color: #626262; font-family: Roboto, Arial, Tahoma, sans-serif; background-color: #fcfcfc;\">As empresas j\u00e1 perceberam que para alcan\u00e7ar seu p\u00fablico \u00e9 preciso estar inserida no cotidiano deles.<\/span><br style=\"color: #626262; font-family: Roboto, Arial, Tahoma, sans-serif; background-color: #fcfcfc;\" \/><br style=\"color: #626262; font-family: Roboto, Arial, Tahoma, sans-serif; background-color: #fcfcfc;\" \/><span style=\"color: #626262; font-family: Roboto, Arial, Tahoma, sans-serif; background-color: #fcfcfc;\">Hoje \u00e9 imprescind\u00edvel para o seu neg\u00f3cio ter um perfil nas redes sociais com relev\u00e2ncia e atualizado para fidelizar e conquistar novos clientes.<\/span><br style=\"color: #626262; font-family: Roboto, Arial, Tahoma, sans-serif; background-color: #fcfcfc;\" \/><br style=\"color: #626262; font-family: Roboto, Arial, Tahoma, sans-serif; background-color: #fcfcfc;\" \/><span style=\"color: #626262; font-family: Roboto, Arial, Tahoma, sans-serif; background-color: #fcfcfc;\">As m\u00eddias sociais, quando bem elaboradas, s\u00e3o capazes de estabelecer uma comunica\u00e7\u00e3o direta e relacionamento duradouro com seus clientes.<\/span><br style=\"color: #626262; font-family: Roboto, Arial, Tahoma, sans-serif; background-color: #fcfcfc;\" \/><br style=\"color: #626262; font-family: Roboto, Arial, Tahoma, sans-serif; background-color: #fcfcfc;\" \/><span style=\"color: #626262; font-family: Roboto, Arial, Tahoma, sans-serif; background-color: #fcfcfc;\">Uma boa gest\u00e3o de m\u00eddias sociais \u00e9 fundamental para uma boa reputa\u00e7\u00e3o online.<\/span><\/p><p>\u00a0<\/p>\t\t\t\t\t\t<\/div>\n\t\t\t\t<\/div>\n\t\t\t\t\t<\/div>\n\t\t<\/div>\n\t\t\t\t<div class=\"elementor-column elementor-col-50 elementor-top-column elementor-element elementor-element-042d327\" data-id=\"042d327\" data-element_type=\"column\">\n\t\t\t<div class=\"elementor-widget-wrap elementor-element-populated\">\n\t\t\t\t\t\t\t\t<div class=\"elementor-element elementor-element-97b9c86 elementor-widget elementor-widget-image\" data-id=\"97b9c86\" data-element_type=\"widget\" data-widget_type=\"image.default\">\n\t\t\t\t<div class=\"elementor-widget-container\">\n\t\t\t<style>\/*! elementor - v3.8.0 - 30-10-2022 *\/\n.elementor-widget-image{text-align:center}.elementor-widget-image a{display:inline-block}.elementor-widget-image a img[src$=\".svg\"]{width:48px}.elementor-widget-image img{vertical-align:middle;display:inline-block}<\/style>\t\t\t\t\t\t\t\t\t\t\t\t<img loading=\"lazy\" decoding=\"async\" width=\"400\" height=\"300\" src=\"https:\/\/sitevix.com\/web\/wp-content\/uploads\/2023\/03\/midias-sociais.jpg\" class=\"attachment-full size-full\" alt=\"\" srcset=\"https:\/\/sitevix.com\/web\/wp-content\/uploads\/2023\/03\/midias-sociais.jpg 400w, https:\/\/sitevix.com\/web\/wp-content\/uploads\/2023\/03\/midias-sociais-300x225.jpg 300w\" sizes=\"auto, (max-width: 400px) 100vw, 400px\" \/>\t\t\t\t\t\t\t\t\t\t\t\t\t\t\t<\/div>\n\t\t\t\t<\/div>\n\t\t\t\t\t<\/div>\n\t\t<\/div>\n\t\t\t\t\t\t\t<\/div>\n\t\t<\/section>\n\t\t\t\t<section class=\"elementor-section elementor-top-section elementor-element elementor-element-a75256f elementor-section-boxed elementor-section-height-default elementor-section-height-default\" data-id=\"a75256f\" data-element_type=\"section\">\n\t\t\t\t\t\t<div class=\"elementor-container elementor-column-gap-default\">\n\t\t\t\t\t<div class=\"elementor-column elementor-col-50 elementor-top-column elementor-element elementor-element-0d8e20a\" data-id=\"0d8e20a\" data-element_type=\"column\">\n\t\t\t<div class=\"elementor-widget-wrap elementor-element-populated\">\n\t\t\t\t\t\t\t\t<div class=\"elementor-element elementor-element-d7c3375 elementor-widget elementor-widget-heading\" data-id=\"d7c3375\" data-element_type=\"widget\" data-widget_type=\"heading.default\">\n\t\t\t\t<div class=\"elementor-widget-container\">\n\t\t\t<h2 class=\"elementor-heading-title elementor-size-default\">Gerenciamos sua Rede Social<\/h2>\t\t<\/div>\n\t\t\t\t<\/div>\n\t\t\t\t<div class=\"elementor-element elementor-element-6d0b17b elementor-widget elementor-widget-text-editor\" data-id=\"6d0b17b\" data-element_type=\"widget\" data-widget_type=\"text-editor.default\">\n\t\t\t\t<div class=\"elementor-widget-container\">\n\t\t\t\t\t\t\t<p><span style=\"margin: 0px; padding: 0px; border: 0px; font-variant-numeric: inherit; font-variant-east-asian: inherit; font-variant-alternates: inherit; font-weight: bold; font-stretch: inherit; line-height: inherit; font-family: Roboto, Arial, Tahoma, sans-serif; font-optical-sizing: inherit; font-kerning: inherit; font-feature-settings: inherit; font-variation-settings: inherit; vertical-align: baseline; color: #626262; background-color: #fcfcfc;\">Perfil Atualizado<\/span><br style=\"color: #626262; font-family: Roboto, Arial, Tahoma, sans-serif; background-color: #fcfcfc;\" \/><span style=\"color: #626262; font-family: Roboto, Arial, Tahoma, sans-serif; background-color: #fcfcfc;\">Mantemos suas postagens atualizadas com conte\u00fado e artes atraentes ao seu p\u00fablico.<\/span><br style=\"color: #626262; font-family: Roboto, Arial, Tahoma, sans-serif; background-color: #fcfcfc;\" \/><br style=\"color: #626262; font-family: Roboto, Arial, Tahoma, sans-serif; background-color: #fcfcfc;\" \/><span style=\"margin: 0px; padding: 0px; border: 0px; font-variant-numeric: inherit; font-variant-east-asian: inherit; font-variant-alternates: inherit; font-weight: bold; font-stretch: inherit; line-height: inherit; font-family: Roboto, Arial, Tahoma, sans-serif; font-optical-sizing: inherit; font-kerning: inherit; font-feature-settings: inherit; font-variation-settings: inherit; vertical-align: baseline; color: #626262; background-color: #fcfcfc;\">Impulsionamento<\/span><br style=\"color: #626262; font-family: Roboto, Arial, Tahoma, sans-serif; background-color: #fcfcfc;\" \/><span style=\"color: #626262; font-family: Roboto, Arial, Tahoma, sans-serif; background-color: #fcfcfc;\">Criamos e gerenciamos campanhas de impulsionamento a fim de alcan\u00e7ar o resultado planejado.<\/span><br style=\"color: #626262; font-family: Roboto, Arial, Tahoma, sans-serif; background-color: #fcfcfc;\" \/><br style=\"color: #626262; font-family: Roboto, Arial, Tahoma, sans-serif; background-color: #fcfcfc;\" \/><span style=\"margin: 0px; padding: 0px; border: 0px; font-variant-numeric: inherit; font-variant-east-asian: inherit; font-variant-alternates: inherit; font-weight: bold; font-stretch: inherit; line-height: inherit; font-family: Roboto, Arial, Tahoma, sans-serif; font-optical-sizing: inherit; font-kerning: inherit; font-feature-settings: inherit; font-variation-settings: inherit; vertical-align: baseline; color: #626262; background-color: #fcfcfc;\">Relat\u00f3rio<\/span><br style=\"color: #626262; font-family: Roboto, Arial, Tahoma, sans-serif; background-color: #fcfcfc;\" \/><span style=\"color: #626262; font-family: Roboto, Arial, Tahoma, sans-serif; background-color: #fcfcfc;\">Geramos e enviamos relat\u00f3rio de estat\u00edsticas alcan\u00e7ados em a\u00e7\u00f5es de campanhas pagas.<\/span><br style=\"color: #626262; font-family: Roboto, Arial, Tahoma, sans-serif; background-color: #fcfcfc;\" \/><br style=\"color: #626262; font-family: Roboto, Arial, Tahoma, sans-serif; background-color: #fcfcfc;\" \/><span style=\"margin: 0px; padding: 0px; border: 0px; font-variant-numeric: inherit; font-variant-east-asian: inherit; font-variant-alternates: inherit; font-weight: bold; font-stretch: inherit; line-height: inherit; font-family: Roboto, Arial, Tahoma, sans-serif; font-optical-sizing: inherit; font-kerning: inherit; font-feature-settings: inherit; font-variation-settings: inherit; vertical-align: baseline; color: #626262; background-color: #fcfcfc;\">Artes<\/span><br style=\"color: #626262; font-family: Roboto, Arial, Tahoma, sans-serif; background-color: #fcfcfc;\" \/><span style=\"color: #626262; font-family: Roboto, Arial, Tahoma, sans-serif; background-color: #fcfcfc;\">Criamos uma rotina de artes semanais, de acordo com o planejamento escolhido.<\/span><\/p>\t\t\t\t\t\t<\/div>\n\t\t\t\t<\/div>\n\t\t\t\t\t<\/div>\n\t\t<\/div>\n\t\t\t\t<div class=\"elementor-column elementor-col-50 elementor-top-column elementor-element elementor-element-0af287d\" data-id=\"0af287d\" data-element_type=\"column\">\n\t\t\t<div class=\"elementor-widget-wrap elementor-element-populated\">\n\t\t\t\t\t\t\t\t<div class=\"elementor-element elementor-element-abba7df elementor-widget elementor-widget-heading\" data-id=\"abba7df\" data-element_type=\"widget\" data-widget_type=\"heading.default\">\n\t\t\t\t<div class=\"elementor-widget-container\">\n\t\t\t<h2 class=\"elementor-heading-title elementor-size-default\">Planos acess\u00edveis<\/h2>\t\t<\/div>\n\t\t\t\t<\/div>\n\t\t\t\t<div class=\"elementor-element elementor-element-2faa785 elementor-widget elementor-widget-text-editor\" data-id=\"2faa785\" data-element_type=\"widget\" data-widget_type=\"text-editor.default\">\n\t\t\t\t<div class=\"elementor-widget-container\">\n\t\t\t\t\t\t\t<p>Temos planos de postagens acess\u00edveis de acordo com a quantidade de postagens semanais.<\/p>\t\t\t\t\t\t<\/div>\n\t\t\t\t<\/div>\n\t\t\t\t\t<\/div>\n\t\t<\/div>\n\t\t\t\t\t\t\t<\/div>\n\t\t<\/section>\n\t\t\t\t\t\t\t<\/div>\n\t\t","protected":false},"excerpt":{"rendered":"<p>Redes Sociais As empresas j\u00e1 perceberam que para alcan\u00e7ar seu p\u00fablico \u00e9 preciso estar inserida no cotidiano deles.Hoje \u00e9 imprescind\u00edvel para o seu neg\u00f3cio ter um perfil nas redes sociais com relev\u00e2ncia e atualizado para fidelizar e conquistar novos clientes.As m\u00eddias sociais, quando bem elaboradas, s\u00e3o capazes de estabelecer uma comunica\u00e7\u00e3o direta e relacionamento duradouro [&hellip;]<\/p>\n","protected":false},"author":1,"featured_media":0,"parent":0,"menu_order":0,"comment_status":"closed","ping_status":"closed","template":"elementor_header_footer","meta":{"footnotes":""},"class_list":["post-663","page","type-page","status-publish","hentry"],"_links":{"self":[{"href":"https:\/\/sitevix.com\/web\/wp-json\/wp\/v2\/pages\/663","targetHints":{"allow":["GET"]}}],"collection":[{"href":"https:\/\/sitevix.com\/web\/wp-json\/wp\/v2\/pages"}],"about":[{"href":"https:\/\/sitevix.com\/web\/wp-json\/wp\/v2\/types\/page"}],"author":[{"embeddable":true,"href":"https:\/\/sitevix.com\/web\/wp-json\/wp\/v2\/users\/1"}],"replies":[{"embeddable":true,"href":"https:\/\/sitevix.com\/web\/wp-json\/wp\/v2\/comments?post=663"}],"version-history":[{"count":16,"href":"https:\/\/sitevix.com\/web\/wp-json\/wp\/v2\/pages\/663\/revisions"}],"predecessor-version":[{"id":998,"href":"https:\/\/sitevix.com\/web\/wp-json\/wp\/v2\/pages\/663\/revisions\/998"}],"wp:attachment":[{"href":"https:\/\/sitevix.com\/web\/wp-json\/wp\/v2\/media?parent=663"}],"curies":[{"name":"wp","href":"https:\/\/api.w.org\/{rel}","templated":true}]}}